{"id":1821,"date":"2023-11-13T15:26:40","date_gmt":"2023-11-13T15:26:40","guid":{"rendered":"https:\/\/ardavinlabs.com\/?page_id=1821"},"modified":"2025-12-11T10:25:49","modified_gmt":"2025-12-11T10:25:49","slug":"contacta-con-nosotros","status":"publish","type":"page","link":"https:\/\/ardavinlabs.com\/index.php\/contacta-con-nosotros\/","title":{"rendered":"Contacta con nosotros"},"content":{"rendered":"\t\t<div data-elementor-type=\"wp-page\" data-elementor-id=\"1821\" class=\"elementor elementor-1821\">\n\t\t\t\t\t\t\t<div class=\"elementor-element elementor-element-851988d e-flex e-con-boxed e-con e-parent\" data-id=\"851988d\" data-element_type=\"container\" data-settings=\"{&quot;content_width&quot;:&quot;boxed&quot;}\" data-core-v316-plus=\"true\">\n\t\t\t\t\t<div class=\"e-con-inner\">\n\t\t<div class=\"elementor-element elementor-element-8202001 e-flex e-con-boxed e-con e-child\" data-id=\"8202001\" data-element_type=\"container\" data-settings=\"{&quot;content_width&quot;:&quot;boxed&quot;}\">\n\t\t\t\t\t<div class=\"e-con-inner\">\n\t\t<div class=\"elementor-element elementor-element-d579105 e-con-full e-flex e-con e-child\" data-id=\"d579105\" data-element_type=\"container\" data-settings=\"{&quot;content_width&quot;:&quot;full&quot;,&quot;background_background&quot;:&quot;classic&quot;}\">\n\t\t<div class=\"elementor-element elementor-element-b2ab11c e-con-full e-flex e-con e-child\" data-id=\"b2ab11c\" data-element_type=\"container\" data-settings=\"{&quot;content_width&quot;:&quot;full&quot;}\">\n\t\t\t\t<div class=\"elementor-element elementor-element-c59a994 elementor-widget elementor-widget-heading\" data-id=\"c59a994\" data-element_type=\"widget\" data-widget_type=\"heading.default\">\n\t\t\t\t<div class=\"elementor-widget-container\">\n\t\t\t<style>\/*! elementor - v3.16.0 - 09-10-2023 *\/\n.elementor-heading-title{padding:0;margin:0;line-height:1}.elementor-widget-heading .elementor-heading-title[class*=elementor-size-]>a{color:inherit;font-size:inherit;line-height:inherit}.elementor-widget-heading .elementor-heading-title.elementor-size-small{font-size:15px}.elementor-widget-heading .elementor-heading-title.elementor-size-medium{font-size:19px}.elementor-widget-heading .elementor-heading-title.elementor-size-large{font-size:29px}.elementor-widget-heading .elementor-heading-title.elementor-size-xl{font-size:39px}.elementor-widget-heading .elementor-heading-title.elementor-size-xxl{font-size:59px}<\/style><h4 class=\"elementor-heading-title elementor-size-default\">Haz que tu local aparezca en este multiverso...<\/h4>\t\t<\/div>\n\t\t\t\t<\/div>\n\t\t\t\t<div class=\"elementor-element elementor-element-2c02a8b elementor-widget elementor-widget-text-editor\" data-id=\"2c02a8b\" data-element_type=\"widget\" data-widget_type=\"text-editor.default\">\n\t\t\t\t<div class=\"elementor-widget-container\">\n\t\t\t<style>\/*! elementor - v3.16.0 - 09-10-2023 *\/\n.elementor-widget-text-editor.elementor-drop-cap-view-stacked .elementor-drop-cap{background-color:#69727d;color:#fff}.elementor-widget-text-editor.elementor-drop-cap-view-framed .elementor-drop-cap{color:#69727d;border:3px solid;background-color:transparent}.elementor-widget-text-editor:not(.elementor-drop-cap-view-default) .elementor-drop-cap{margin-top:8px}.elementor-widget-text-editor:not(.elementor-drop-cap-view-default) .elementor-drop-cap-letter{width:1em;height:1em}.elementor-widget-text-editor .elementor-drop-cap{float:left;text-align:center;line-height:1;font-size:50px}.elementor-widget-text-editor .elementor-drop-cap-letter{display:inline-block}<\/style>\t\t\t\t<ul><li>Podemos incluir la fachada de tu local, e incluso a\u00f1adir la posibilidad de que el personaje acceda al mismo y consiga c\u00f3digos de promoci\u00f3n para canjear en tu tienda!<\/li><\/ul>\t\t\t\t\t\t<\/div>\n\t\t\t\t<\/div>\n\t\t\t\t<\/div>\n\t\t<div class=\"elementor-element elementor-element-027e6dd e-con-full e-flex e-con e-child\" data-id=\"027e6dd\" data-element_type=\"container\" data-settings=\"{&quot;content_width&quot;:&quot;full&quot;}\">\n\t\t\t\t<div class=\"elementor-element elementor-element-8e4cbb4 elementor-widget elementor-widget-image\" data-id=\"8e4cbb4\" data-element_type=\"widget\" data-widget_type=\"image.default\">\n\t\t\t\t<div class=\"elementor-widget-container\">\n\t\t\t<style>\/*! elementor - v3.16.0 - 09-10-2023 *\/\n.elementor-widget-image{text-align:center}.elementor-widget-image a{display:inline-block}.elementor-widget-image a img[src$=\".svg\"]{width:48px}.elementor-widget-image img{vertical-align:middle;display:inline-block}<\/style>\t\t\t\t\t\t\t\t\t\t\t\t<img loading=\"lazy\" decoding=\"async\" width=\"483\" height=\"448\" src=\"https:\/\/ardavinlabs.com\/wp-content\/uploads\/2023\/11\/anuncieseaqui.png\" class=\"attachment-large size-large wp-image-1715\" alt=\"\" srcset=\"https:\/\/ardavinlabs.com\/wp-content\/uploads\/2023\/11\/anuncieseaqui.png 483w, https:\/\/ardavinlabs.com\/wp-content\/uploads\/2023\/11\/anuncieseaqui-300x278.png 300w\" sizes=\"auto, (max-width: 483px) 100vw, 483px\" \/>\t\t\t\t\t\t\t\t\t\t\t\t\t\t\t<\/div>\n\t\t\t\t<\/div>\n\t\t\t\t<\/div>\n\t\t\t\t<\/div>\n\t\t\t\t\t<\/div>\n\t\t\t\t<\/div>\n\t\t<div class=\"elementor-element elementor-element-339f1a1 e-flex e-con-boxed e-con e-child\" data-id=\"339f1a1\" data-element_type=\"container\" data-settings=\"{&quot;content_width&quot;:&quot;boxed&quot;}\">\n\t\t\t\t\t<div class=\"e-con-inner\">\n\t\t<div class=\"elementor-element elementor-element-1f3c6d2 e-con-full e-flex e-con e-child\" data-id=\"1f3c6d2\" data-element_type=\"container\" data-settings=\"{&quot;content_width&quot;:&quot;full&quot;,&quot;background_background&quot;:&quot;classic&quot;}\">\n\t\t<div class=\"elementor-element elementor-element-46cacad e-con-full e-flex e-con e-child\" data-id=\"46cacad\" data-element_type=\"container\" data-settings=\"{&quot;content_width&quot;:&quot;full&quot;}\">\n\t\t\t\t<div class=\"elementor-element elementor-element-6b1f146 elementor-widget elementor-widget-heading\" data-id=\"6b1f146\" data-element_type=\"widget\" data-widget_type=\"heading.default\">\n\t\t\t\t<div class=\"elementor-widget-container\">\n\t\t\t<h4 class=\"elementor-heading-title elementor-size-default\">Publica tus anuncios y tu marca en el videojuego<\/h4>\t\t<\/div>\n\t\t\t\t<\/div>\n\t\t\t\t<div class=\"elementor-element elementor-element-0f400e4 elementor-widget elementor-widget-text-editor\" data-id=\"0f400e4\" data-element_type=\"widget\" data-widget_type=\"text-editor.default\">\n\t\t\t\t<div class=\"elementor-widget-container\">\n\t\t\t\t\t\t\t<p>A\u00f1ade tus carteles publicitarios dentro de las diferentes estaciones de metro!\u00a0 O incluso por la calle!<\/p>\t\t\t\t\t\t<\/div>\n\t\t\t\t<\/div>\n\t\t\t\t<\/div>\n\t\t<div class=\"elementor-element elementor-element-a89a739 e-con-full e-flex e-con e-child\" data-id=\"a89a739\" data-element_type=\"container\" data-settings=\"{&quot;content_width&quot;:&quot;full&quot;}\">\n\t\t\t\t<div class=\"elementor-element elementor-element-2900bb1 elementor-widget elementor-widget-image\" data-id=\"2900bb1\" data-element_type=\"widget\" data-widget_type=\"image.default\">\n\t\t\t\t<div class=\"elementor-widget-container\">\n\t\t\t\t\t\t\t\t\t\t\t\t\t\t\t<img loading=\"lazy\" decoding=\"async\" width=\"483\" height=\"448\" src=\"https:\/\/ardavinlabs.com\/wp-content\/uploads\/2023\/11\/anuncieseaqui.png\" class=\"attachment-large size-large wp-image-1715\" alt=\"\" srcset=\"https:\/\/ardavinlabs.com\/wp-content\/uploads\/2023\/11\/anuncieseaqui.png 483w, https:\/\/ardavinlabs.com\/wp-content\/uploads\/2023\/11\/anuncieseaqui-300x278.png 300w\" sizes=\"auto, (max-width: 483px) 100vw, 483px\" \/>\t\t\t\t\t\t\t\t\t\t\t\t\t\t\t<\/div>\n\t\t\t\t<\/div>\n\t\t\t\t<\/div>\n\t\t\t\t<\/div>\n\t\t\t\t\t<\/div>\n\t\t\t\t<\/div>\n\t\t<div class=\"elementor-element elementor-element-3a66975 e-con-full e-flex e-con e-child\" data-id=\"3a66975\" data-element_type=\"container\" data-settings=\"{&quot;content_width&quot;:&quot;full&quot;}\">\n\t\t\t\t<div class=\"elementor-element elementor-element-087eb07 elementor-widget elementor-widget-heading\" data-id=\"087eb07\" data-element_type=\"widget\" data-widget_type=\"heading.default\">\n\t\t\t\t<div class=\"elementor-widget-container\">\n\t\t\t<h2 class=\"elementor-heading-title elementor-size-default\">\u00bfHablamos?<\/h2>\t\t<\/div>\n\t\t\t\t<\/div>\n\t\t<div class=\"elementor-element elementor-element-4ed2bd6 e-flex e-con-boxed e-con e-child\" data-id=\"4ed2bd6\" data-element_type=\"container\" data-settings=\"{&quot;content_width&quot;:&quot;boxed&quot;}\">\n\t\t\t\t\t<div class=\"e-con-inner\">\n\t\t\t\t<div class=\"elementor-element elementor-element-df38f8f elementor-widget__width-initial elementor-widget-mobile__width-inherit elementor-view-default elementor-position-top elementor-mobile-position-top elementor-widget elementor-widget-icon-box\" data-id=\"df38f8f\" data-element_type=\"widget\" data-widget_type=\"icon-box.default\">\n\t\t\t\t<div class=\"elementor-widget-container\">\n\t\t\t<link rel=\"stylesheet\" href=\"https:\/\/ardavinlabs.com\/wp-content\/plugins\/elementor\/assets\/css\/widget-icon-box.min.css\">\t\t<div class=\"elementor-icon-box-wrapper\">\n\t\t\t\t\t\t<div class=\"elementor-icon-box-icon\">\n\t\t\t\t<a href=\"#\" class=\"elementor-icon elementor-animation-\" tabindex=\"-1\">\n\t\t\t\t<svg xmlns=\"http:\/\/www.w3.org\/2000\/svg\" viewBox=\"0 0 50 50\"><path d=\"M43.26 44.16H6.74A6.76 6.76 0 0 1 0 37.41V12.75A6.76 6.76 0 0 1 6.74 6h36.52A6.76 6.76 0 0 1 50 12.75v24.66a6.76 6.76 0 0 1-6.74 6.75zM6.74 9.31a3.45 3.45 0 0 0-3.44 3.44v24.66a3.45 3.45 0 0 0 3.44 3.44h36.52a3.45 3.45 0 0 0 3.44-3.44V12.75a3.45 3.45 0 0 0-3.44-3.44H6.74zM26 29.42l13.32-10.13a1.652 1.652 0 1 0-2-2.63L25 26.08l-12.3-9.34a1.652 1.652 0 0 0-2 2.63L24 29.42a1.63 1.63 0 0 0 2 0z\"><\/path><\/svg>\t\t\t\t<\/a>\n\t\t\t<\/div>\n\t\t\t\t\t\t<div class=\"elementor-icon-box-content\">\n\t\t\t\t<h6 class=\"elementor-icon-box-title\">\n\t\t\t\t\t<a href=\"#\" >\n\t\t\t\t\t\tEmail\t\t\t\t\t<\/a>\n\t\t\t\t<\/h6>\n\t\t\t\t\t\t\t\t\t<p class=\"elementor-icon-box-description\">\n\t\t\t\t\t\tcarlos.sanchez.ardavin@gmail.com<br>\n\t\t\t\t\t<\/p>\n\t\t\t\t\t\t\t<\/div>\n\t\t<\/div>\n\t\t\t\t<\/div>\n\t\t\t\t<\/div>\n\t\t\t\t<div class=\"elementor-element elementor-element-8f93fe3 elementor-widget__width-initial elementor-widget-mobile__width-inherit elementor-view-default elementor-position-top elementor-mobile-position-top elementor-widget elementor-widget-icon-box\" data-id=\"8f93fe3\" data-element_type=\"widget\" data-widget_type=\"icon-box.default\">\n\t\t\t\t<div class=\"elementor-widget-container\">\n\t\t\t\t\t<div class=\"elementor-icon-box-wrapper\">\n\t\t\t\t\t\t<div class=\"elementor-icon-box-icon\">\n\t\t\t\t<a href=\"#\" class=\"elementor-icon elementor-animation-\" tabindex=\"-1\">\n\t\t\t\t<i aria-hidden=\"true\" class=\"fab fa-whatsapp\"><\/i>\t\t\t\t<\/a>\n\t\t\t<\/div>\n\t\t\t\t\t\t<div class=\"elementor-icon-box-content\">\n\t\t\t\t<h6 class=\"elementor-icon-box-title\">\n\t\t\t\t\t<a href=\"#\" >\n\t\t\t\t\t\tWassap\t\t\t\t\t<\/a>\n\t\t\t\t<\/h6>\n\t\t\t\t\t\t\t\t\t<p class=\"elementor-icon-box-description\">\n\t\t\t\t\t\t696 74 16 03\t\t\t\t\t<\/p>\n\t\t\t\t\t\t\t<\/div>\n\t\t<\/div>\n\t\t\t\t<\/div>\n\t\t\t\t<\/div>\n\t\t\t\t<div class=\"elementor-element elementor-element-6321306 elementor-widget__width-initial elementor-widget-mobile__width-inherit elementor-view-default elementor-position-top elementor-mobile-position-top elementor-widget elementor-widget-icon-box\" data-id=\"6321306\" data-element_type=\"widget\" data-widget_type=\"icon-box.default\">\n\t\t\t\t<div class=\"elementor-widget-container\">\n\t\t\t\t\t<div class=\"elementor-icon-box-wrapper\">\n\t\t\t\t\t\t<div class=\"elementor-icon-box-icon\">\n\t\t\t\t<a href=\"#\" class=\"elementor-icon elementor-animation-\" tabindex=\"-1\">\n\t\t\t\t<svg xmlns=\"http:\/\/www.w3.org\/2000\/svg\" viewBox=\"0 0 50 50\"><path d=\"M39.224 0a6.165 6.165 0 0 1 6.165 6.165v37.67A6.165 6.165 0 0 1 39.224 50H11.165A6.165 6.165 0 0 1 5 43.835V6.165A6.165 6.165 0 0 1 11.165 0Zm0 3.329H11.165A2.836 2.836 0 0 0 8.33 6.165v37.67a2.836 2.836 0 0 0 2.836 2.836h28.059a2.836 2.836 0 0 0 2.836-2.836V6.165a2.836 2.836 0 0 0-2.836-2.836Zm-10.84 35.225a1.665 1.665 0 0 1 .16 3.321l-.16.008h-6.957a1.665 1.665 0 0 1-.16-3.322l.16-.007h6.956Z\"><\/path><\/svg>\t\t\t\t<\/a>\n\t\t\t<\/div>\n\t\t\t\t\t\t<div class=\"elementor-icon-box-content\">\n\t\t\t\t<h6 class=\"elementor-icon-box-title\">\n\t\t\t\t\t<a href=\"#\" >\n\t\t\t\t\t\tTel\u00e9fono\t\t\t\t\t<\/a>\n\t\t\t\t<\/h6>\n\t\t\t\t\t\t\t\t\t<p class=\"elementor-icon-box-description\">\n\t\t\t\t\t\t696 74 16 03\t\t\t\t\t<\/p>\n\t\t\t\t\t\t\t<\/div>\n\t\t<\/div>\n\t\t\t\t<\/div>\n\t\t\t\t<\/div>\n\t\t\t\t\t<\/div>\n\t\t\t\t<\/div>\n\t\t\t\t<\/div>\n\t\t\t\t\t<\/div>\n\t\t\t\t<\/div>\n\t\t\t\t\t\t\t<\/div>\n\t\t","protected":false},"excerpt":{"rendered":"<p>Haz que tu local aparezca en este multiverso&#8230; Podemos incluir la fachada de tu local, e incluso a\u00f1adir la posibilidad de que el personaje acceda al mismo y consiga c\u00f3digos de promoci\u00f3n para canjear en tu tienda! Publica tus anuncios y tu marca en el videojuego A\u00f1ade tus carteles publicitarios dentro de las diferentes estaciones [&hellip;]<\/p>\n","protected":false},"author":1,"featured_media":0,"parent":0,"menu_order":0,"comment_status":"closed","ping_status":"closed","template":"","meta":{"_monsterinsights_skip_tracking":false,"_monsterinsights_sitenote_active":false,"_monsterinsights_sitenote_note":"","_monsterinsights_sitenote_category":0,"footnotes":""},"class_list":["post-1821","page","type-page","status-publish","hentry"],"blocksy_meta":"","aioseo_notices":[],"_links":{"self":[{"href":"https:\/\/ardavinlabs.com\/index.php\/wp-json\/wp\/v2\/pages\/1821","targetHints":{"allow":["GET"]}}],"collection":[{"href":"https:\/\/ardavinlabs.com\/index.php\/wp-json\/wp\/v2\/pages"}],"about":[{"href":"https:\/\/ardavinlabs.com\/index.php\/wp-json\/wp\/v2\/types\/page"}],"author":[{"embeddable":true,"href":"https:\/\/ardavinlabs.com\/index.php\/wp-json\/wp\/v2\/users\/1"}],"replies":[{"embeddable":true,"href":"https:\/\/ardavinlabs.com\/index.php\/wp-json\/wp\/v2\/comments?post=1821"}],"version-history":[{"count":31,"href":"https:\/\/ardavinlabs.com\/index.php\/wp-json\/wp\/v2\/pages\/1821\/revisions"}],"predecessor-version":[{"id":2018,"href":"https:\/\/ardavinlabs.com\/index.php\/wp-json\/wp\/v2\/pages\/1821\/revisions\/2018"}],"wp:attachment":[{"href":"https:\/\/ardavinlabs.com\/index.php\/wp-json\/wp\/v2\/media?parent=1821"}],"curies":[{"name":"wp","href":"https:\/\/api.w.org\/{rel}","templated":true}]}}